{"id":318,"date":"2021-10-01T08:10:34","date_gmt":"2021-10-01T08:10:34","guid":{"rendered":"https:\/\/alaracing.it\/?page_id=318"},"modified":"2021-10-01T10:30:09","modified_gmt":"2021-10-01T10:30:09","slug":"il-sorpasso","status":"publish","type":"page","link":"https:\/\/alaracing.it\/?page_id=318","title":{"rendered":"Il Sorpasso"},"content":{"rendered":"\t\t<div data-elementor-type=\"wp-page\" data-elementor-id=\"318\" class=\"elementor elementor-318\">\n\t\t\t\t\t\t<section class=\"elementor-section elementor-top-section elementor-element elementor-element-5efe435 elementor-section-boxed elementor-section-height-default elementor-section-height-default\" data-id=\"5efe435\" data-element_type=\"section\" data-e-type=\"section\">\n\t\t\t\t\t\t<div class=\"elementor-container elementor-column-gap-default\">\n\t\t\t\t\t<div class=\"elementor-column elementor-col-100 elementor-top-column elementor-element elementor-element-fddca5a\" data-id=\"fddca5a\" data-element_type=\"column\" data-e-type=\"column\">\n\t\t\t<div class=\"elementor-widget-wrap elementor-element-populated\">\n\t\t\t\t\t\t<div class=\"elementor-element elementor-element-ba6950e elementor-widget elementor-widget-image\" data-id=\"ba6950e\" data-element_type=\"widget\" data-e-type=\"widget\" data-widget_type=\"image.default\">\n\t\t\t\t<div class=\"elementor-widget-container\">\n\t\t\t\t\t\t\t\t\t\t\t\t\t\t\t<img fetchpriority=\"high\" decoding=\"async\" width=\"500\" height=\"200\" src=\"https:\/\/alaracing.it\/wp-content\/uploads\/2021\/10\/ilsorpasso_logo_banner.png\" class=\"attachment-large size-large wp-image-344\" alt=\"\" srcset=\"https:\/\/alaracing.it\/wp-content\/uploads\/2021\/10\/ilsorpasso_logo_banner.png 500w, https:\/\/alaracing.it\/wp-content\/uploads\/2021\/10\/ilsorpasso_logo_banner-300x120.png 300w\" sizes=\"(max-width: 500px) 100vw, 500px\" \/>\t\t\t\t\t\t\t\t\t\t\t\t\t\t\t<\/div>\n\t\t\t\t<\/div>\n\t\t\t\t\t<\/div>\n\t\t<\/div>\n\t\t\t\t\t<\/div>\n\t\t<\/section>\n\t\t\t\t<section class=\"elementor-section elementor-top-section elementor-element elementor-element-1fd6fac elementor-section-boxed elementor-section-height-default elementor-section-height-default\" data-id=\"1fd6fac\" data-element_type=\"section\" data-e-type=\"section\">\n\t\t\t\t\t\t<div class=\"elementor-container elementor-column-gap-default\">\n\t\t\t\t\t<div class=\"elementor-column elementor-col-100 elementor-top-column elementor-element elementor-element-1b3f2cc\" data-id=\"1b3f2cc\" data-element_type=\"column\" data-e-type=\"column\">\n\t\t\t<div class=\"elementor-widget-wrap elementor-element-populated\">\n\t\t\t\t\t\t<div class=\"elementor-element elementor-element-16b2a16 elementor-widget elementor-widget-text-editor\" data-id=\"16b2a16\" data-element_type=\"widget\" data-e-type=\"widget\" data-widget_type=\"text-editor.default\">\n\t\t\t\t<div class=\"elementor-widget-container\">\n\t\t\t\t\t\t\t\t\t<p><span>Spoleto, Umbria, cuore dell&#8217;Italia.<\/span><\/p>\n<p><span>Dove la tradizione artigianale e la capacit\u00e0 di lavorare i migliori materiali sono rimaste intatte nel tempo. Ci piace avere tra le mani lana, cashmere, cuoio, cotone\u2026 ci piace tagliare, cucire, annusare, indossare.<\/span><\/p>\n<p><span>Applichiamo questa nostra innata ed ancestrale capacit\u00e0 di fare e quest\u2019amore per il vintage allo stile del secolo scorso, aggiungendo quel pizzico di modernit\u00e0 che proietta nel futuro la bellezza del passato.<\/span><\/p>\n<p><span>Gli articoli&nbsp;<\/span><em>\u2018il sorpasso\u2019<span>&nbsp;<\/span><\/em><span>sono pensati per il ciclismo d\u2019epoca ed urbano di oggi, adatti ai nostalgici collezionisti, ma anche ai pi\u00f9 trendy uomini d\u2019affari.&nbsp;<\/span><span>Ed in mezzo ci stanno tutti gli altri.&nbsp;<\/span><span>Perch\u00e9 in realt\u00e0, questo stile, piace a tutti:&nbsp;<\/span><strong>piace perch\u00e9 \u00e8 in sintonia con la parte pi\u00f9 intima di noi, dell\u2019uomo.&nbsp;<\/strong><span>Uno stile che ci fa semplicemente sentire bene.&nbsp;<\/span><em><strong>Che \u00e8 quello che vogliamo per voi.<\/strong><\/em><\/p>\n<p><span>\u2018\u2018Non muscoli a spinger pedali, ma un\u2019emozione che muove il cuore\u2026\u2019\u2019 Paolo Chiossi<\/span><\/p>\n<p><span>\u2018\u2018&#8230;perch\u00e9 se \u00e8 vero che il passato ci da certezze assolute, \u00e8 anche vero che siamo in evoluzione. Noi, e voi. Attraverso loro: le biciclette.\u2019\u2019<\/span><br><span>Paolo Chiossi<\/span><\/p>\t\t\t\t\t\t\t\t<\/div>\n\t\t\t\t<\/div>\n\t\t\t\t\t<\/div>\n\t\t<\/div>\n\t\t\t\t\t<\/div>\n\t\t<\/section>\n\t\t\t\t<\/div>\n\t\t","protected":false},"excerpt":{"rendered":"<p>Spoleto, Umbria, cuore dell&#8217;Italia. Dove la tradizione artigianale e la capacit\u00e0 di lavorare i migliori materiali sono rimaste intatte nel tempo. Ci piace avere tra le mani lana, cashmere, cuoio, cotone\u2026 ci piace tagliare, cucire, annusare, indossare. Applichiamo questa nostra innata ed ancestrale capacit\u00e0 di fare e quest\u2019amore per il vintage allo stile del secolo [&hellip;]<\/p>\n","protected":false},"author":1,"featured_media":0,"parent":0,"menu_order":0,"comment_status":"closed","ping_status":"closed","template":"","meta":{"footnotes":""},"class_list":["post-318","page","type-page","status-publish","hentry"],"_links":{"self":[{"href":"https:\/\/alaracing.it\/index.php?rest_route=\/wp\/v2\/pages\/318","targetHints":{"allow":["GET"]}}],"collection":[{"href":"https:\/\/alaracing.it\/index.php?rest_route=\/wp\/v2\/pages"}],"about":[{"href":"https:\/\/alaracing.it\/index.php?rest_route=\/wp\/v2\/types\/page"}],"author":[{"embeddable":true,"href":"https:\/\/alaracing.it\/index.php?rest_route=\/wp\/v2\/users\/1"}],"replies":[{"embeddable":true,"href":"https:\/\/alaracing.it\/index.php?rest_route=%2Fwp%2Fv2%2Fcomments&post=318"}],"version-history":[{"count":31,"href":"https:\/\/alaracing.it\/index.php?rest_route=\/wp\/v2\/pages\/318\/revisions"}],"predecessor-version":[{"id":387,"href":"https:\/\/alaracing.it\/index.php?rest_route=\/wp\/v2\/pages\/318\/revisions\/387"}],"wp:attachment":[{"href":"https:\/\/alaracing.it\/index.php?rest_route=%2Fwp%2Fv2%2Fmedia&parent=318"}],"curies":[{"name":"wp","href":"https:\/\/api.w.org\/{rel}","templated":true}]}}